{"id":8,"date":"2018-01-30T11:40:40","date_gmt":"2018-01-30T10:40:40","guid":{"rendered":"http:\/\/glaspost.de\/blog\/?page_id=8"},"modified":"2018-01-30T12:41:10","modified_gmt":"2018-01-30T11:41:10","slug":"startseite","status":"publish","type":"page","link":"https:\/\/glaspost.de\/blog\/startseite\/","title":{"rendered":"Glaspost &#8211; Hochzeitseinladungen aus Glas"},"content":{"rendered":"<p><strong>Versenden Sie ihre Einladungen mit einer lasergravierten Glastafel<\/strong><\/p>\n<p>Das macht neugierig und sieht sehr <strong>edel und wertvoll<\/strong> aus. Zeigen Sie Ihren G\u00e4sten, wie sehr Sie sie wertsch\u00e4tzen!<\/p>\n<figure id=\"attachment_88\" aria-describedby=\"caption-attachment-88\" style=\"width: 900px\" class=\"wp-caption aligncenter\"><a href=\"http:\/\/www.glaspost.de\"><img loading=\"lazy\" decoding=\"async\" class=\"wp-image-88 size-full\" src=\"http:\/\/glaspost.de\/blog\/wp-content\/uploads\/2018\/01\/glaspost10.jpg\" alt=\"\" width=\"900\" height=\"675\" srcset=\"https:\/\/glaspost.de\/blog\/wp-content\/uploads\/2018\/01\/glaspost10.jpg 900w, https:\/\/glaspost.de\/blog\/wp-content\/uploads\/2018\/01\/glaspost10-300x225.jpg 300w, https:\/\/glaspost.de\/blog\/wp-content\/uploads\/2018\/01\/glaspost10-768x576.jpg 768w\" sizes=\"auto, (max-width: 900px) 100vw, 900px\" \/><\/a><figcaption id=\"caption-attachment-88\" class=\"wp-caption-text\">Hochzeitseinladungen aus Glas<\/figcaption><\/figure>\n<p>Bei dieser neuen und innovativen Technik k\u00f6nnen wir Ihre Texte und Bilder auf verspiegelte Glasscheiben lasern. Sie erhalten so eine ganz besondere Art der Einladungskarte &#8211; einzigartig, wie das Ereignis, dass Sie feiern m\u00f6chten!<\/p>\n<ul>\n<li>W\u00e4hlen Sie zwischen <strong>Text<\/strong> oder <strong>Text und Bild<\/strong> Kombination<\/li>\n<li>Verzieren Sie das Produkt <strong>mit dekorativen B\u00e4ndern<\/strong> oder <strong>Schleifen<\/strong><\/li>\n<\/ul>\n<p><a href=\"http:\/\/www.glaspost.de\"><strong>Jetzt kostenloses Muster anfordern!<\/strong><\/a><\/p>\n","protected":false},"excerpt":{"rendered":"<p>Versenden Sie ihre Einladungen mit einer lasergravierten Glastafel Das macht neugierig und sieht sehr edel und wertvoll aus. Zeigen Sie Ihren G\u00e4sten, wie sehr Sie sie wertsch\u00e4tzen! Bei dieser neuen und innovativen Technik k\u00f6nnen wir Ihre Texte und Bilder auf verspiegelte Glasscheiben lasern. Sie erhalten so eine ganz besondere Art der Einladungskarte &#8211; einzigartig, wie &hellip; <a href=\"https:\/\/glaspost.de\/blog\/startseite\/\" class=\"more-link\"><span class=\"screen-reader-text\">Glaspost &#8211; Hochzeitseinladungen aus Glas<\/span> weiterlesen<\/a><\/p>\n","protected":false},"author":2,"featured_media":0,"parent":0,"menu_order":0,"comment_status":"closed","ping_status":"closed","template":"","meta":{"_monsterinsights_skip_tracking":false,"_monsterinsights_sitenote_active":false,"_monsterinsights_sitenote_note":"","_monsterinsights_sitenote_category":0,"episode_type":"","audio_file":"","podmotor_file_id":"","podmotor_episode_id":"","cover_image":"","cover_image_id":"","duration":"","filesize":"","filesize_raw":"","date_recorded":"","explicit":"","block":"","itunes_episode_number":"","itunes_title":"","itunes_season_number":"","itunes_episode_type":"","footnotes":""},"class_list":["post-8","page","type-page","status-publish","hentry"],"_links":{"self":[{"href":"https:\/\/glaspost.de\/blog\/wp-json\/wp\/v2\/pages\/8","targetHints":{"allow":["GET"]}}],"collection":[{"href":"https:\/\/glaspost.de\/blog\/wp-json\/wp\/v2\/pages"}],"about":[{"href":"https:\/\/glaspost.de\/blog\/wp-json\/wp\/v2\/types\/page"}],"author":[{"embeddable":true,"href":"https:\/\/glaspost.de\/blog\/wp-json\/wp\/v2\/users\/2"}],"replies":[{"embeddable":true,"href":"https:\/\/glaspost.de\/blog\/wp-json\/wp\/v2\/comments?post=8"}],"version-history":[{"count":11,"href":"https:\/\/glaspost.de\/blog\/wp-json\/wp\/v2\/pages\/8\/revisions"}],"predecessor-version":[{"id":90,"href":"https:\/\/glaspost.de\/blog\/wp-json\/wp\/v2\/pages\/8\/revisions\/90"}],"wp:attachment":[{"href":"https:\/\/glaspost.de\/blog\/wp-json\/wp\/v2\/media?parent=8"}],"curies":[{"name":"wp","href":"https:\/\/api.w.org\/{rel}","templated":true}]}}